{"id":45,"date":"2022-04-03T11:19:19","date_gmt":"2022-04-03T11:19:19","guid":{"rendered":"https:\/\/career-assistant.io\/?page_id=45"},"modified":"2023-06-06T13:10:27","modified_gmt":"2023-06-06T13:10:27","slug":"home","status":"publish","type":"page","link":"https:\/\/career-assistant.io\/es\/","title":{"rendered":"Hogar"},"content":{"rendered":"<p><img decoding=\"async\" width=\"795\" height=\"562\" src=\"https:\/\/career-assistant.io\/wp-content\/uploads\/2022\/04\/Group-80363.png\" alt=\"\" loading=\"lazy\" srcset=\"https:\/\/career-assistant.io\/wp-content\/uploads\/2022\/04\/Group-80363.png 795w, https:\/\/career-assistant.io\/wp-content\/uploads\/2022\/04\/Group-80363-600x424.png 600w, https:\/\/career-assistant.io\/wp-content\/uploads\/2022\/04\/Group-80363-300x212.png 300w, https:\/\/career-assistant.io\/wp-content\/uploads\/2022\/04\/Group-80363-768x543.png 768w\" sizes=\"auto, (max-width: 795px) 100vw, 795px\" \/><br \/>\n\t\t\t\t\t\t\t\t\t\t\t\t\t\t\t<img decoding=\"async\" width=\"232\" height=\"88\" src=\"https:\/\/career-assistant.io\/wp-content\/uploads\/2022\/04\/Vector-26.svg\" alt=\"\" loading=\"lazy\" \/><br \/>\n\t\t\t\t\t\t\t\t\t\t\t\t\t\t\t<img decoding=\"async\" width=\"156\" height=\"165\" src=\"https:\/\/career-assistant.io\/wp-content\/uploads\/2022\/04\/Vector-25.svg\" alt=\"\" loading=\"lazy\" \/><br \/>\n\t\t\t\t\t\t\t\t\t\t\t\t\t\t\t<img decoding=\"async\" width=\"125\" height=\"117\" src=\"https:\/\/career-assistant.io\/wp-content\/uploads\/2022\/04\/Vector-27.svg\" alt=\"\" loading=\"lazy\" \/>\t\t\t\t\t\t\t\t\t\t\t\t\t\t\t<\/p>\n<h1>Asistente de Carrera<\/h1>\n<h2>Ayudamos a nuestros clientes a hacer crecer su negocio de forma eficiente, independientemente de los constantes cambios del mercado.<\/h2>\n<p>\t\t\t<a role=\"button\"><br \/>\n\t\t\t\t\t\tExplorar soluciones<br \/>\n\t\t\t\t\t<\/a><\/p>\n<h2>Qui\u00e9nes somos<\/h2>\n<p>\t\t\tCareer Assistant proporciona servicios de Recursos Humanos altamente personalizados, eficientes <br \/>Recruitment &#038; Employment solutions and all for your career growth and development.<br \/>\n\t\t\t<a role=\"button\"><br \/>\n\t\t\t\t\t\tM\u00e1s informaci\u00f3n sobre Career Assistant<br \/>\n\t\t\t\t\t<\/a><br \/>\n\t\t\t\t\t\t\t\t\t\t\t\t\t\t\t<img decoding=\"async\" width=\"175\" height=\"116\" src=\"https:\/\/career-assistant.io\/wp-content\/uploads\/2022\/04\/Vector-17.svg\" alt=\"\" loading=\"lazy\" \/><br \/>\n\t\t\t\t\t\t\t\t\t\t\t\t\t\t\t<img decoding=\"async\" width=\"220\" height=\"463\" src=\"https:\/\/career-assistant.io\/wp-content\/uploads\/2022\/04\/Group-80379-2.svg\" alt=\"\" loading=\"lazy\" \/><br \/>\n\t\t\t\t\t\t\t\t\t\t\t\t\t\t\t<img decoding=\"async\" width=\"136\" height=\"395\" src=\"https:\/\/career-assistant.io\/wp-content\/uploads\/2022\/04\/Rectangle-40.svg\" alt=\"\" loading=\"lazy\" \/><br \/>\n\t\t\t\t\t\t\t\t\t\t\t\t\t\t\t<img decoding=\"async\" width=\"77\" height=\"41\" src=\"https:\/\/career-assistant.io\/wp-content\/uploads\/2022\/04\/Group-48.svg\" alt=\"\" loading=\"lazy\" \/>\t\t\t\t\t\t\t\t\t\t\t\t\t\t\t<\/p>\n<h2>Prospera con Career Assistant<\/h2>\n<h3>Better quality &#8211; better income. Extent your skills and knowledge in the<br \/>campo con cursos destacados para aumentar significativamente su cualificaci\u00f3n.<\/h3>\n<p>\t\t\tAcceda a los mejores cursos del mundo en su \u00e1mbito.<br \/>\n\t\t\tCrece en tu campo con clases y formaci\u00f3n excepcionales.<br \/>\n\t\t\tAprenda de los profesionales l\u00edderes<br \/>en su campo con m\u00e1s de 5 a\u00f1os de experiencia<br \/>\n\t\t\t\t\t\t\t\t\t\t\t\t\t\t\t<img decoding=\"async\" width=\"175\" height=\"116\" src=\"https:\/\/career-assistant.io\/wp-content\/uploads\/2022\/04\/Vector-17.svg\" alt=\"\" loading=\"lazy\" \/><br \/>\n\t\t\t\t\t\t\t\t\t\t\t\t\t\t\t<img decoding=\"async\" width=\"220\" height=\"463\" src=\"https:\/\/career-assistant.io\/wp-content\/uploads\/2022\/04\/Group-80379-2.svg\" alt=\"\" loading=\"lazy\" \/><br \/>\n\t\t\t\t\t\t\t\t\t\t\t\t\t\t\t<img decoding=\"async\" width=\"136\" height=\"395\" src=\"https:\/\/career-assistant.io\/wp-content\/uploads\/2022\/04\/Rectangle-40.svg\" alt=\"\" loading=\"lazy\" \/><br \/>\n\t\t\t\t\t\t\t\t\t\t\t\t\t\t\t<img decoding=\"async\" width=\"77\" height=\"41\" src=\"https:\/\/career-assistant.io\/wp-content\/uploads\/2022\/04\/Group-48.svg\" alt=\"\" loading=\"lazy\" \/>\t\t\t\t\t\t\t\t\t\t\t\t\t\t\t<\/p>\n<h2>Prospera con Career Assistant<\/h2>\n<h3>Better quality &#8211; better income. Extent your skills and knowledge in the<br \/>campo con cursos destacados para aumentar significativamente su cualificaci\u00f3n.<\/h3>\n<p>\t\t\tGet access to the world\u2019s top courses<br \/>for your sphere.<br \/>\n\t\t\tGrow in your field with exceptional<br \/>classes and training.<br \/>\n\t\t\tAprenda de los profesionales l\u00edderes<br \/>en su campo con m\u00e1s de 5 a\u00f1os de experiencia\t\t<\/p>\n<h2>Facilitar el cambio de carrera<\/h2>\n<h3>Career Assistant te ayuda a encontrar el lugar adecuado para tu talento. <br \/>Cambia de profesi\u00f3n sin preocupaciones y ahorrando tiempo.<\/h3>\n<p>\t\t\t\t\t\t\t\t\t\t\t\t\t\t\t<img decoding=\"async\" width=\"47\" height=\"45\" src=\"https:\/\/career-assistant.io\/wp-content\/uploads\/2022\/04\/Vector-18.svg\" alt=\"\" loading=\"lazy\" \/><br \/>\n\t\t\tF\u00f3rmese para su nuevo campo<br \/>con cursos de alto nivel.<br \/>\n\t\t\t\t\t\t\t\t\t\t\t\t\t\t\t<img decoding=\"async\" width=\"42\" height=\"48\" src=\"https:\/\/career-assistant.io\/wp-content\/uploads\/2022\/04\/Vector-2.svg\" alt=\"\" loading=\"lazy\" \/><br \/>\n\t\t\tConsigue un CV con casos reales<br \/>\n\t\t\t\t\t\t\t\t\t\t\t\t\t\t\t<img decoding=\"async\" width=\"52\" height=\"46\" src=\"https:\/\/career-assistant.io\/wp-content\/uploads\/2022\/04\/Vector-19-1.svg\" alt=\"\" loading=\"lazy\" \/><br \/>\n\t\t\tEncuentre r\u00e1pidamente un<br \/>trabajo en el campo que desee.<br \/>\n\t\t\t\t\t\t\t\t\t\t\t\t\t\t\t<img decoding=\"async\" width=\"708\" height=\"705\" src=\"https:\/\/career-assistant.io\/wp-content\/uploads\/2022\/12\/Group-80378.png\" alt=\"\" loading=\"lazy\" srcset=\"https:\/\/career-assistant.io\/wp-content\/uploads\/2022\/12\/Group-80378.png 708w, https:\/\/career-assistant.io\/wp-content\/uploads\/2022\/12\/Group-80378-300x300.png 300w, https:\/\/career-assistant.io\/wp-content\/uploads\/2022\/12\/Group-80378-150x150.png 150w, https:\/\/career-assistant.io\/wp-content\/uploads\/2022\/12\/Group-80378-600x597.png 600w, https:\/\/career-assistant.io\/wp-content\/uploads\/2022\/12\/Group-80378-100x100.png 100w\" sizes=\"auto, (max-width: 708px) 100vw, 708px\" \/>\t\t\t\t\t\t\t\t\t\t\t\t\t\t\t<\/p>\n<h2>Facilitar el cambio de carrera<\/h2>\n<h3>Analizamos el mercado laboral para ayudar a los empresarios y a los candidatos con talento<br \/>a encontrarse se encuentren.<\/h3>\n<h2>Para clientes corporativos:<\/h2>\n<h3>Promocionaremos la descripci\u00f3n de su vacante <br \/>\nen sitios web de b\u00fasqueda de empleo y <br \/>\nencontraremos candidatos perfectos para puestos <br \/>\nlineales y de alto nivel.<\/h3>\n<h2>Para clientes privados:<\/h2>\n<h3>Desarrollaremos un portafolio o CV inclusivo <br \/>\npara usted. Te ayudaremos a conseguir el trabajo que <br \/>\ndeseas distribuyendo tu CV directamente <br \/>\na los empleadores y prepar\u00e1ndote para las entrevistas.<\/h3>\n<h2>Servicios profesionales de RRHH<\/h2>\n<h3>The best way to manage people&#8217;s resources effectively. <\/h3>\n<p>\t\t\t\t<svg xmlns=\"http:\/\/www.w3.org\/2000\/svg\" width=\"68\" height=\"65\" viewbox=\"0 0 68 65\" fill=\"none\"><path d=\"M20.8356 64.7228C-15.1644 67.9228 1.46643 6.21371 25.8357 1.22279C40.1532 -1.70949 46.7356 -0.277206 60.3356 15.7228C77.3356 35.7228 65.8356 60.7228 20.8356 64.7228Z\" fill=\"#FAB025\"><\/path><path d=\"M32.795 45V22.25L34.79 24.315H27.615V20.5H37.345V45H32.795Z\" fill=\"white\"><\/path><\/svg>\t\t\t\t<\/p>\n<h3>\n\t\t\t\t<\/h3>\n<p>\n\t\t\t\t\t\tB\u00fasqueda, selecci\u00f3n y contrataci\u00f3n de candidatos \u00e1giles.\t\t\t\t\t<\/p>\n<p>\t\t\t\t\t\t\t\t\t\t\t\t\t\t\t<img decoding=\"async\" width=\"265\" height=\"39\" src=\"https:\/\/career-assistant.io\/wp-content\/uploads\/2022\/04\/Vector-14.svg\" alt=\"\" loading=\"lazy\" \/><br \/>\n\t\t\t\t<svg xmlns=\"http:\/\/www.w3.org\/2000\/svg\" width=\"68\" height=\"65\" viewbox=\"0 0 68 65\" fill=\"none\"><path d=\"M20.8356 64.7228C-15.1644 67.9228 1.46643 6.21371 25.8357 1.22279C40.1532 -1.70949 46.7356 -0.277206 60.3356 15.7228C77.3356 35.7228 65.8356 60.7228 20.8356 64.7228Z\" fill=\"#FAB025\"><\/path><path d=\"M25.0395 45V41.955L34.7695 32.715C35.5861 31.945 36.1928 31.2683 36.5895 30.685C36.9861 30.1017 37.2428 29.565 37.3595 29.075C37.4995 28.5617 37.5695 28.0833 37.5695 27.64C37.5695 26.52 37.1845 25.6567 36.4145 25.05C35.6445 24.42 34.5128 24.105 33.0195 24.105C31.8295 24.105 30.7445 24.315 29.7645 24.735C28.8078 25.155 27.9795 25.7967 27.2795 26.66L24.0945 24.21C25.0511 22.9267 26.3345 21.935 27.9445 21.235C29.5778 20.5117 31.3978 20.15 33.4045 20.15C35.1778 20.15 36.7178 20.4417 38.0245 21.025C39.3545 21.585 40.3695 22.39 41.0695 23.44C41.7928 24.49 42.1545 25.7383 42.1545 27.185C42.1545 27.9783 42.0495 28.7717 41.8395 29.565C41.6295 30.335 41.2328 31.1517 40.6495 32.015C40.0661 32.8783 39.2145 33.8467 38.0945 34.92L29.7295 42.865L28.7845 41.15H43.0995V45H25.0395Z\" fill=\"white\"><\/path><\/svg>\t\t\t\t<\/p>\n<h3>\n\t\t\t\t<\/h3>\n<p>\n\t\t\t\t\t\tGesti\u00f3n de la instalaci\u00f3n e integraci\u00f3n de tecnolog\u00eda mediante la mejora del personal, la formaci\u00f3n y la comunicaci\u00f3n con los empleados.\t\t\t\t\t<\/p>\n<p>\t\t\t\t\t\t\t\t\t\t\t\t\t\t\t<img decoding=\"async\" width=\"265\" height=\"39\" src=\"https:\/\/career-assistant.io\/wp-content\/uploads\/2022\/04\/Vector-14.svg\" alt=\"\" loading=\"lazy\" \/><br \/>\n\t\t\t\t<svg xmlns=\"http:\/\/www.w3.org\/2000\/svg\" width=\"68\" height=\"65\" viewbox=\"0 0 68 65\" fill=\"none\"><path d=\"M20.8356 64.7228C-15.1644 67.9228 1.46643 6.21371 25.8357 1.22279C40.1532 -1.70949 46.7356 -0.277206 60.3356 15.7228C77.3356 35.7228 65.8356 60.7228 20.8356 64.7228Z\" fill=\"#FAB025\"><\/path><path d=\"M33.0545 45.35C31.3278 45.35 29.6361 45.105 27.9795 44.615C26.3461 44.1017 24.9695 43.4017 23.8495 42.515L25.8095 38.98C26.6961 39.7033 27.7695 40.2867 29.0295 40.73C30.2895 41.1733 31.6078 41.395 32.9845 41.395C34.6178 41.395 35.8895 41.0683 36.7995 40.415C37.7095 39.7383 38.1645 38.8283 38.1645 37.685C38.1645 36.565 37.7445 35.6783 36.9045 35.025C36.0645 34.3717 34.7111 34.045 32.8445 34.045H30.6045V30.93L37.6045 22.6L38.1995 24.315H25.0395V20.5H41.7345V23.545L34.7345 31.875L32.3545 30.475H33.7195C36.7295 30.475 38.9811 31.1517 40.4745 32.505C41.9911 33.835 42.7495 35.55 42.7495 37.65C42.7495 39.0267 42.3995 40.2983 41.6995 41.465C40.9995 42.6317 39.9261 43.5767 38.4795 44.3C37.0561 45 35.2478 45.35 33.0545 45.35Z\" fill=\"white\"><\/path><\/svg>\t\t\t\t<\/p>\n<h3>\n\t\t\t\t<\/h3>\n<p>\n\t\t\t\t\t\tGesti\u00f3n y desarrollo de competencias que refuercen el rendimiento empresarial.\t\t\t\t\t<\/p>\n<p>\t\t\t<a role=\"button\"><br \/>\n\t\t\t\t\t\tServicios de RRHH<br \/>\n\t\t\t\t\t<\/a><br \/>\n\t\t\t<a role=\"button\"><br \/>\n\t\t\t\t\t\tDesarrollo profesional<br \/>\n\t\t\t\t\t<\/a><br \/>\n\t\t\t<a role=\"button\"><br \/>\n\t\t\t\t\t\tCambio profesional<br \/>\n\t\t\t\t\t<\/a><br \/>\n\t\t\t<a role=\"button\"><br \/>\n\t\t\t\t\t\tRecruitment &#038;<br \/>Employment<br \/>\n\t\t\t\t\t<\/a><br \/>\n\t\t\t<a role=\"button\"><br \/>\n\t\t\t\t\t\tContrataci\u00f3n y empleo<br \/>\n\t\t\t\t\t<\/a><br \/>\n\t\t[elementor-template id=&#8221;211&#8243;]<\/p>","protected":false},"excerpt":{"rendered":"<p>Career Assistant We help clients grow business efficiently, regardless of the ever-changing market environment. Explore solutions Who we are Career Assistant provides highly tailored Human Resources services, efficient Recruitment &#038; Employment solutions and all for your career growth and development. More about Career Assistant Thrive with Career Assistant Better quality &#8211; better income. Extent your [&hellip;]<\/p>","protected":false},"author":1,"featured_media":541,"parent":0,"menu_order":0,"comment_status":"closed","ping_status":"closed","template":"elementor_header_footer","meta":{"inline_featured_image":false,"footnotes":""},"class_list":["post-45","page","type-page","status-publish","has-post-thumbnail","hentry"],"yoast_head":"<!-- This site is optimized with the Yoast SEO plugin v18.4.1 - https:\/\/yoast.com\/wordpress\/plugins\/seo\/ -->\n<title>HR Services \u2013 perfect business performance | Career Assistant<\/title>\n<meta name=\"description\" content=\"Career Assistant is your solution if you want to enhance your career or business performance.\" \/>\n<meta name=\"robots\" content=\"index, follow, max-snippet:-1, max-image-preview:large, max-video-preview:-1\" \/>\n<link rel=\"canonical\" href=\"https:\/\/career-assistant.io\/es\/\" \/>\n<meta property=\"og:locale\" content=\"es_ES\" \/>\n<meta property=\"og:type\" content=\"article\" \/>\n<meta property=\"og:title\" content=\"HR Services \u2013 perfect business performance | Career Assistant\" \/>\n<meta property=\"og:description\" content=\"Career Assistant is your solution if you want to enhance your career or business performance.\" \/>\n<meta property=\"og:url\" content=\"https:\/\/career-assistant.io\/es\/\" \/>\n<meta property=\"og:site_name\" content=\"Career Assistant\" \/>\n<meta property=\"article:modified_time\" content=\"2023-06-06T13:10:27+00:00\" \/>\n<meta property=\"og:image\" content=\"https:\/\/career-assistant.io\/wp-content\/uploads\/2022\/04\/1024-515-career.png\" \/>\n\t<meta property=\"og:image:width\" content=\"1024\" \/>\n\t<meta property=\"og:image:height\" content=\"515\" \/>\n\t<meta property=\"og:image:type\" content=\"image\/png\" \/>\n<meta name=\"twitter:card\" content=\"summary_large_image\" \/>\n<meta name=\"twitter:title\" content=\"HR Services \u2013 perfect business performance | Career Assistant\" \/>\n<meta name=\"twitter:description\" content=\"Career Assistant is your solution if you want to enhance your career or business performance.\" \/>\n<meta name=\"twitter:image\" content=\"https:\/\/career-assistant.io\/wp-content\/uploads\/2022\/04\/1024-515-career.png\" \/>\n<meta name=\"twitter:label1\" content=\"Tiempo de lectura\" \/>\n\t<meta name=\"twitter:data1\" content=\"7 minutos\" \/>\n<script type=\"application\/ld+json\" class=\"yoast-schema-graph\">{\"@context\":\"https:\/\/schema.org\",\"@graph\":[{\"@type\":\"WebSite\",\"@id\":\"https:\/\/career-assistant.io\/#website\",\"url\":\"https:\/\/career-assistant.io\/\",\"name\":\"Career Assistant\",\"description\":\"Just another WordPress site\",\"potentialAction\":[{\"@type\":\"SearchAction\",\"target\":{\"@type\":\"EntryPoint\",\"urlTemplate\":\"https:\/\/career-assistant.io\/?s={search_term_string}\"},\"query-input\":\"required name=search_term_string\"}],\"inLanguage\":\"es\"},{\"@type\":\"ImageObject\",\"@id\":\"https:\/\/career-assistant.io\/#primaryimage\",\"inLanguage\":\"es\",\"url\":\"https:\/\/career-assistant.io\/wp-content\/uploads\/2022\/04\/1024-515-career.png\",\"contentUrl\":\"https:\/\/career-assistant.io\/wp-content\/uploads\/2022\/04\/1024-515-career.png\",\"width\":1024,\"height\":515},{\"@type\":\"WebPage\",\"@id\":\"https:\/\/career-assistant.io\/#webpage\",\"url\":\"https:\/\/career-assistant.io\/\",\"name\":\"HR Services \u2013 perfect business performance | Career Assistant\",\"isPartOf\":{\"@id\":\"https:\/\/career-assistant.io\/#website\"},\"primaryImageOfPage\":{\"@id\":\"https:\/\/career-assistant.io\/#primaryimage\"},\"datePublished\":\"2022-04-03T11:19:19+00:00\",\"dateModified\":\"2023-06-06T13:10:27+00:00\",\"description\":\"Career Assistant is your solution if you want to enhance your career or business performance.\",\"breadcrumb\":{\"@id\":\"https:\/\/career-assistant.io\/#breadcrumb\"},\"inLanguage\":\"es\",\"potentialAction\":[{\"@type\":\"ReadAction\",\"target\":[\"https:\/\/career-assistant.io\/\"]}]},{\"@type\":\"BreadcrumbList\",\"@id\":\"https:\/\/career-assistant.io\/#breadcrumb\",\"itemListElement\":[{\"@type\":\"ListItem\",\"position\":1,\"name\":\"Home\",\"item\":\"https:\/\/career-assistant.io\/\"},{\"@type\":\"ListItem\",\"position\":2,\"name\":\"Home\"}]}]}<\/script>\n<!-- \/ Yoast SEO plugin. -->","yoast_head_json":{"title":"HR Services \u2013 perfect business performance | Career Assistant","description":"Career Assistant is your solution if you want to enhance your career or business performance.","robots":{"index":"index","follow":"follow","max-snippet":"max-snippet:-1","max-image-preview":"max-image-preview:large","max-video-preview":"max-video-preview:-1"},"canonical":"https:\/\/career-assistant.io\/es\/","og_locale":"es_ES","og_type":"article","og_title":"HR Services \u2013 perfect business performance | Career Assistant","og_description":"Career Assistant is your solution if you want to enhance your career or business performance.","og_url":"https:\/\/career-assistant.io\/es\/","og_site_name":"Career Assistant","article_modified_time":"2023-06-06T13:10:27+00:00","og_image":[{"width":1024,"height":515,"url":"https:\/\/career-assistant.io\/wp-content\/uploads\/2022\/04\/1024-515-career.png","type":"image\/png"}],"twitter_card":"summary_large_image","twitter_title":"HR Services \u2013 perfect business performance | Career Assistant","twitter_description":"Career Assistant is your solution if you want to enhance your career or business performance.","twitter_image":"https:\/\/career-assistant.io\/wp-content\/uploads\/2022\/04\/1024-515-career.png","twitter_misc":{"Tiempo de lectura":"7 minutos"},"schema":{"@context":"https:\/\/schema.org","@graph":[{"@type":"WebSite","@id":"https:\/\/career-assistant.io\/#website","url":"https:\/\/career-assistant.io\/","name":"Career Assistant","description":"Just another WordPress site","potentialAction":[{"@type":"SearchAction","target":{"@type":"EntryPoint","urlTemplate":"https:\/\/career-assistant.io\/?s={search_term_string}"},"query-input":"required name=search_term_string"}],"inLanguage":"es"},{"@type":"ImageObject","@id":"https:\/\/career-assistant.io\/#primaryimage","inLanguage":"es","url":"https:\/\/career-assistant.io\/wp-content\/uploads\/2022\/04\/1024-515-career.png","contentUrl":"https:\/\/career-assistant.io\/wp-content\/uploads\/2022\/04\/1024-515-career.png","width":1024,"height":515},{"@type":"WebPage","@id":"https:\/\/career-assistant.io\/#webpage","url":"https:\/\/career-assistant.io\/","name":"HR Services \u2013 perfect business performance | Career Assistant","isPartOf":{"@id":"https:\/\/career-assistant.io\/#website"},"primaryImageOfPage":{"@id":"https:\/\/career-assistant.io\/#primaryimage"},"datePublished":"2022-04-03T11:19:19+00:00","dateModified":"2023-06-06T13:10:27+00:00","description":"Career Assistant is your solution if you want to enhance your career or business performance.","breadcrumb":{"@id":"https:\/\/career-assistant.io\/#breadcrumb"},"inLanguage":"es","potentialAction":[{"@type":"ReadAction","target":["https:\/\/career-assistant.io\/"]}]},{"@type":"BreadcrumbList","@id":"https:\/\/career-assistant.io\/#breadcrumb","itemListElement":[{"@type":"ListItem","position":1,"name":"Home","item":"https:\/\/career-assistant.io\/"},{"@type":"ListItem","position":2,"name":"Home"}]}]}},"_links":{"self":[{"href":"https:\/\/career-assistant.io\/es\/wp-json\/wp\/v2\/pages\/45","targetHints":{"allow":["GET"]}}],"collection":[{"href":"https:\/\/career-assistant.io\/es\/wp-json\/wp\/v2\/pages"}],"about":[{"href":"https:\/\/career-assistant.io\/es\/wp-json\/wp\/v2\/types\/page"}],"author":[{"embeddable":true,"href":"https:\/\/career-assistant.io\/es\/wp-json\/wp\/v2\/users\/1"}],"replies":[{"embeddable":true,"href":"https:\/\/career-assistant.io\/es\/wp-json\/wp\/v2\/comments?post=45"}],"version-history":[{"count":315,"href":"https:\/\/career-assistant.io\/es\/wp-json\/wp\/v2\/pages\/45\/revisions"}],"predecessor-version":[{"id":1164,"href":"https:\/\/career-assistant.io\/es\/wp-json\/wp\/v2\/pages\/45\/revisions\/1164"}],"wp:featuredmedia":[{"embeddable":true,"href":"https:\/\/career-assistant.io\/es\/wp-json\/wp\/v2\/media\/541"}],"wp:attachment":[{"href":"https:\/\/career-assistant.io\/es\/wp-json\/wp\/v2\/media?parent=45"}],"curies":[{"name":"wp","href":"https:\/\/api.w.org\/{rel}","templated":true}]}}